{"id":102,"date":"2015-04-29T03:26:31","date_gmt":"2015-04-29T03:26:31","guid":{"rendered":"http:\/\/localhost\/wordpress\/wp_vicky\/?page_id=102"},"modified":"2022-09-09T00:33:19","modified_gmt":"2022-09-09T00:33:19","slug":"contactanos","status":"publish","type":"page","link":"https:\/\/www.tequilerahdo.com.mx\/en\/contactanos\/","title":{"rendered":"Contact us at"},"content":{"rendered":"<div class=\"container\"><div class=\"vc_row wpb_row vc_row-fluid\"><div class=\"wpb_column vc_column_container vc_col-sm-6\"><div class=\"vc_column-inner\"><div class=\"wpb_wrapper\">\n\t<div class=\"wpb_text_column wpb_content_element\" >\n\t\t<div class=\"wpb_wrapper\">\n\t\t\t<p><iframe style=\"border: 0;\" data-src=\"https:\/\/www.google.com\/maps\/embed?pb=!1m18!1m12!1m3!1d59667.996966367755!2d-103.75375039068959!3d20.821616521252615!2m3!1f0!2f0!3f0!3m2!1i1024!2i768!4f13.1!3m3!1m2!1s0x8426175a49006031%3A0x2cbae93c14117af9!2sHacienda%20de%20Oro%20S.A.%20de%20C.V.!5e0!3m2!1sen!2smx!4v1638143918158!5m2!1sen!2smx\" width=\"100%\" height=\"450\" allowfullscreen=\"allowfullscreen\" src=\"data:image\/gif;base64,R0lGODlhAQABAAAAACH5BAEKAAEALAAAAAABAAEAAAICTAEAOw==\" class=\"lazyload\" data-load-mode=\"1\"><\/iframe><\/p>\n\n\t\t<\/div>\n\t<\/div>\n<\/div><\/div><\/div><div class=\"wpb_column vc_column_container vc_col-sm-6\"><div class=\"vc_column-inner\"><div class=\"wpb_wrapper\"><h1 style=\"text-align: left\" class=\"vc_custom_heading vc_custom_1662683585450\" >Contact us at<\/h1>\n\t<div class=\"wpb_text_column wpb_content_element  vc_custom_1661543662902\" >\n\t\t<div class=\"wpb_wrapper\">\n\t\t\t<p>Ask about our trips and tours, you'll love them!<br \/>\nEnjoy everything we have for you.<\/p>\n\n\t\t<\/div>\n\t<\/div>\n<div class=\"vc_row wpb_row vc_inner vc_row-fluid vc_custom_1439278659837\"><div class=\"wpb_column vc_column_container vc_col-sm-12\"><div class=\"vc_column-inner\"><div class=\"wpb_wrapper\">\n<div class=\"wpcf7 no-js\" id=\"wpcf7-f12112-o1\" lang=\"es-ES\" dir=\"ltr\" data-wpcf7-id=\"12112\">\n<div class=\"screen-reader-response\"><p role=\"status\" aria-live=\"polite\" aria-atomic=\"true\"><\/p> <ul><\/ul><\/div>\n<form action=\"\/en\/wp-json\/wp\/v2\/pages\/102#wpcf7-f12112-o1\" method=\"post\" class=\"wpcf7-form init\" aria-label=\"Formulario de contacto\" novalidate=\"novalidate\" data-status=\"init\" data-trp-original-action=\"\/en\/wp-json\/wp\/v2\/pages\/102#wpcf7-f12112-o1\">\n<div style=\"display: none;\">\n<input type=\"hidden\" name=\"_wpcf7\" value=\"12112\" \/>\n<input type=\"hidden\" name=\"_wpcf7_version\" value=\"6.0.5\" \/>\n<input type=\"hidden\" name=\"_wpcf7_locale\" value=\"es_ES\" \/>\n<input type=\"hidden\" name=\"_wpcf7_unit_tag\" value=\"wpcf7-f12112-o1\" \/>\n<input type=\"hidden\" name=\"_wpcf7_container_post\" value=\"0\" \/>\n<input type=\"hidden\" name=\"_wpcf7_posted_data_hash\" value=\"\" \/>\n<\/div>\n<p><span class=\"wpcf7-form-control-wrap\" data-name=\"nombre\"><input size=\"40\" maxlength=\"400\" class=\"wpcf7-form-control wpcf7-text wpcf7-validates-as-required\" aria-required=\"true\" aria-invalid=\"false\" placeholder=\"Name\" value=\"\" type=\"text\" name=\"nombre\" \/><\/span><br \/>\n<span class=\"wpcf7-form-control-wrap\" data-name=\"telefono\"><input size=\"40\" maxlength=\"400\" class=\"wpcf7-form-control wpcf7-tel wpcf7-validates-as-required wpcf7-text wpcf7-validates-as-tel\" aria-required=\"true\" aria-invalid=\"false\" placeholder=\"Phone number\" value=\"\" type=\"tel\" name=\"telefono\" \/><\/span><br \/>\n<span class=\"wpcf7-form-control-wrap\" data-name=\"correo\"><input size=\"40\" maxlength=\"400\" class=\"wpcf7-form-control wpcf7-email wpcf7-validates-as-required wpcf7-text wpcf7-validates-as-email\" aria-required=\"true\" aria-invalid=\"false\" placeholder=\"Mail\" value=\"\" type=\"email\" name=\"correo\" \/><\/span><br \/>\n<span class=\"wpcf7-form-control-wrap\" data-name=\"mensaje\"><textarea cols=\"40\" rows=\"10\" maxlength=\"2000\" class=\"wpcf7-form-control wpcf7-textarea\" aria-invalid=\"false\" placeholder=\"Message\" name=\"mensaje\"><\/textarea><\/span><br \/>\n<input class=\"wpcf7-form-control wpcf7-submit has-spinner\" type=\"submit\" value=\"Send\" \/>\n<\/p><div class=\"wpcf7-response-output\" aria-hidden=\"true\"><\/div>\n<input type=\"hidden\" name=\"trp-form-language\" value=\"en\"\/><\/form>\n<\/div>\n<\/div><\/div><\/div><\/div><\/div><\/div><\/div><\/div><\/div>","protected":false},"excerpt":{"rendered":"Cont\u00e1ctanos Pregunta por nuestros viajes y recorridos. \u00a1Te encantar\u00e1n! Disfruta todo lo que tenemos para ti.","protected":false},"author":1,"featured_media":0,"parent":0,"menu_order":0,"comment_status":"open","ping_status":"open","template":"page-no-sidebar.php","meta":{"footnotes":""},"class_list":["post-102","page","type-page","status-publish","hentry"],"yoast_head":"<!-- This site is optimized with the Yoast SEO plugin v27.5 - https:\/\/yoast.com\/product\/yoast-seo-wordpress\/ -->\n<title>Cont\u00e1ctanos - Hacienda de Oro - Lugar tur\u00edstico<\/title>\n<meta name=\"description\" content=\"Cont\u00e1ctanos | Hacienda de Oro | Pregunta por nuestros viajes y recorridos. \u00a1Te encantar\u00e1n! Disfruta todo lo que tenemos para ti.\" \/>\n<meta name=\"robots\" content=\"index, follow, max-snippet:-1, max-image-preview:large, max-video-preview:-1\" \/>\n<link rel=\"canonical\" href=\"https:\/\/www.tequilerahdo.com.mx\/en\/contactanos\/\" \/>\n<meta property=\"og:locale\" content=\"en_US\" \/>\n<meta property=\"og:type\" content=\"article\" \/>\n<meta property=\"og:title\" content=\"Cont\u00e1ctanos - Hacienda de Oro - Lugar tur\u00edstico\" \/>\n<meta property=\"og:description\" content=\"Cont\u00e1ctanos | Hacienda de Oro | Pregunta por nuestros viajes y recorridos. \u00a1Te encantar\u00e1n! Disfruta todo lo que tenemos para ti.\" \/>\n<meta property=\"og:url\" content=\"https:\/\/www.tequilerahdo.com.mx\/en\/contactanos\/\" \/>\n<meta property=\"og:site_name\" content=\"Hacienda de Oro\" \/>\n<meta property=\"article:publisher\" content=\"https:\/\/www.facebook.com\/tequilerahaciendadeoro\/\" \/>\n<meta property=\"article:modified_time\" content=\"2022-09-09T00:33:19+00:00\" \/>\n<meta name=\"twitter:card\" content=\"summary_large_image\" \/>\n<script type=\"application\/ld+json\" class=\"yoast-schema-graph\">{\"@context\":\"https:\\\/\\\/schema.org\",\"@graph\":[{\"@type\":\"WebPage\",\"@id\":\"https:\\\/\\\/www.tequilerahdo.com.mx\\\/contactanos\\\/\",\"url\":\"https:\\\/\\\/www.tequilerahdo.com.mx\\\/contactanos\\\/\",\"name\":\"Cont\u00e1ctanos - Hacienda de Oro - Lugar tur\u00edstico\",\"isPartOf\":{\"@id\":\"https:\\\/\\\/www.tequilerahdo.com.mx\\\/#website\"},\"datePublished\":\"2015-04-29T03:26:31+00:00\",\"dateModified\":\"2022-09-09T00:33:19+00:00\",\"description\":\"Cont\u00e1ctanos | Hacienda de Oro | Pregunta por nuestros viajes y recorridos. \u00a1Te encantar\u00e1n! Disfruta todo lo que tenemos para ti.\",\"breadcrumb\":{\"@id\":\"https:\\\/\\\/www.tequilerahdo.com.mx\\\/contactanos\\\/#breadcrumb\"},\"inLanguage\":\"en-US\",\"potentialAction\":[{\"@type\":\"ReadAction\",\"target\":[\"https:\\\/\\\/www.tequilerahdo.com.mx\\\/contactanos\\\/\"]}]},{\"@type\":\"BreadcrumbList\",\"@id\":\"https:\\\/\\\/www.tequilerahdo.com.mx\\\/contactanos\\\/#breadcrumb\",\"itemListElement\":[{\"@type\":\"ListItem\",\"position\":1,\"name\":\"Inicio\",\"item\":\"https:\\\/\\\/www.tequilerahdo.com.mx\\\/\"},{\"@type\":\"ListItem\",\"position\":2,\"name\":\"Cont\u00e1ctanos\"}]},{\"@type\":\"WebSite\",\"@id\":\"https:\\\/\\\/www.tequilerahdo.com.mx\\\/#website\",\"url\":\"https:\\\/\\\/www.tequilerahdo.com.mx\\\/\",\"name\":\"Hacienda de Oro\",\"description\":\"Hacienda de oro es una empresa fundada en Amatit\u00e1n, Jalisco que ha logrado destacarse en el mercado internacional gracias a la calidad de sus productos.\",\"publisher\":{\"@id\":\"https:\\\/\\\/www.tequilerahdo.com.mx\\\/#organization\"},\"potentialAction\":[{\"@type\":\"SearchAction\",\"target\":{\"@type\":\"EntryPoint\",\"urlTemplate\":\"https:\\\/\\\/www.tequilerahdo.com.mx\\\/?s={search_term_string}\"},\"query-input\":{\"@type\":\"PropertyValueSpecification\",\"valueRequired\":true,\"valueName\":\"search_term_string\"}}],\"inLanguage\":\"en-US\"},{\"@type\":\"Organization\",\"@id\":\"https:\\\/\\\/www.tequilerahdo.com.mx\\\/#organization\",\"name\":\"Tequilera Hacienda de Oro\",\"url\":\"https:\\\/\\\/www.tequilerahdo.com.mx\\\/\",\"logo\":{\"@type\":\"ImageObject\",\"inLanguage\":\"en-US\",\"@id\":\"https:\\\/\\\/www.tequilerahdo.com.mx\\\/#\\\/schema\\\/logo\\\/image\\\/\",\"url\":\"https:\\\/\\\/www.tequilerahdo.com.mx\\\/wp-content\\\/uploads\\\/2021\\\/11\\\/Homev2-30.png\",\"contentUrl\":\"https:\\\/\\\/www.tequilerahdo.com.mx\\\/wp-content\\\/uploads\\\/2021\\\/11\\\/Homev2-30.png\",\"width\":726,\"height\":228,\"caption\":\"Tequilera Hacienda de Oro\"},\"image\":{\"@id\":\"https:\\\/\\\/www.tequilerahdo.com.mx\\\/#\\\/schema\\\/logo\\\/image\\\/\"},\"sameAs\":[\"https:\\\/\\\/www.facebook.com\\\/tequilerahaciendadeoro\\\/\"]}]}<\/script>\n<!-- \/ Yoast SEO plugin. -->","yoast_head_json":{"title":"Cont\u00e1ctanos - Hacienda de Oro - Lugar tur\u00edstico","description":"Cont\u00e1ctanos | Hacienda de Oro | Pregunta por nuestros viajes y recorridos. \u00a1Te encantar\u00e1n! Disfruta todo lo que tenemos para ti.","robots":{"index":"index","follow":"follow","max-snippet":"max-snippet:-1","max-image-preview":"max-image-preview:large","max-video-preview":"max-video-preview:-1"},"canonical":"https:\/\/www.tequilerahdo.com.mx\/en\/contactanos\/","og_locale":"en_US","og_type":"article","og_title":"Cont\u00e1ctanos - Hacienda de Oro - Lugar tur\u00edstico","og_description":"Cont\u00e1ctanos | Hacienda de Oro | Pregunta por nuestros viajes y recorridos. \u00a1Te encantar\u00e1n! Disfruta todo lo que tenemos para ti.","og_url":"https:\/\/www.tequilerahdo.com.mx\/en\/contactanos\/","og_site_name":"Hacienda de Oro","article_publisher":"https:\/\/www.facebook.com\/tequilerahaciendadeoro\/","article_modified_time":"2022-09-09T00:33:19+00:00","twitter_card":"summary_large_image","schema":{"@context":"https:\/\/schema.org","@graph":[{"@type":"WebPage","@id":"https:\/\/www.tequilerahdo.com.mx\/contactanos\/","url":"https:\/\/www.tequilerahdo.com.mx\/contactanos\/","name":"Cont\u00e1ctanos - Hacienda de Oro - Lugar tur\u00edstico","isPartOf":{"@id":"https:\/\/www.tequilerahdo.com.mx\/#website"},"datePublished":"2015-04-29T03:26:31+00:00","dateModified":"2022-09-09T00:33:19+00:00","description":"Cont\u00e1ctanos | Hacienda de Oro | Pregunta por nuestros viajes y recorridos. \u00a1Te encantar\u00e1n! Disfruta todo lo que tenemos para ti.","breadcrumb":{"@id":"https:\/\/www.tequilerahdo.com.mx\/contactanos\/#breadcrumb"},"inLanguage":"en-US","potentialAction":[{"@type":"ReadAction","target":["https:\/\/www.tequilerahdo.com.mx\/contactanos\/"]}]},{"@type":"BreadcrumbList","@id":"https:\/\/www.tequilerahdo.com.mx\/contactanos\/#breadcrumb","itemListElement":[{"@type":"ListItem","position":1,"name":"Inicio","item":"https:\/\/www.tequilerahdo.com.mx\/"},{"@type":"ListItem","position":2,"name":"Cont\u00e1ctanos"}]},{"@type":"WebSite","@id":"https:\/\/www.tequilerahdo.com.mx\/#website","url":"https:\/\/www.tequilerahdo.com.mx\/","name":"Hacienda de Oro","description":"Hacienda de oro es una empresa fundada en Amatit\u00e1n, Jalisco que ha logrado destacarse en el mercado internacional gracias a la calidad de sus productos.","publisher":{"@id":"https:\/\/www.tequilerahdo.com.mx\/#organization"},"potentialAction":[{"@type":"SearchAction","target":{"@type":"EntryPoint","urlTemplate":"https:\/\/www.tequilerahdo.com.mx\/?s={search_term_string}"},"query-input":{"@type":"PropertyValueSpecification","valueRequired":true,"valueName":"search_term_string"}}],"inLanguage":"en-US"},{"@type":"Organization","@id":"https:\/\/www.tequilerahdo.com.mx\/#organization","name":"Tequilera Hacienda de Oro","url":"https:\/\/www.tequilerahdo.com.mx\/","logo":{"@type":"ImageObject","inLanguage":"en-US","@id":"https:\/\/www.tequilerahdo.com.mx\/#\/schema\/logo\/image\/","url":"https:\/\/www.tequilerahdo.com.mx\/wp-content\/uploads\/2021\/11\/Homev2-30.png","contentUrl":"https:\/\/www.tequilerahdo.com.mx\/wp-content\/uploads\/2021\/11\/Homev2-30.png","width":726,"height":228,"caption":"Tequilera Hacienda de Oro"},"image":{"@id":"https:\/\/www.tequilerahdo.com.mx\/#\/schema\/logo\/image\/"},"sameAs":["https:\/\/www.facebook.com\/tequilerahaciendadeoro\/"]}]}},"_links":{"self":[{"href":"https:\/\/www.tequilerahdo.com.mx\/en\/wp-json\/wp\/v2\/pages\/102","targetHints":{"allow":["GET"]}}],"collection":[{"href":"https:\/\/www.tequilerahdo.com.mx\/en\/wp-json\/wp\/v2\/pages"}],"about":[{"href":"https:\/\/www.tequilerahdo.com.mx\/en\/wp-json\/wp\/v2\/types\/page"}],"author":[{"embeddable":true,"href":"https:\/\/www.tequilerahdo.com.mx\/en\/wp-json\/wp\/v2\/users\/1"}],"replies":[{"embeddable":true,"href":"https:\/\/www.tequilerahdo.com.mx\/en\/wp-json\/wp\/v2\/comments?post=102"}],"version-history":[{"count":11,"href":"https:\/\/www.tequilerahdo.com.mx\/en\/wp-json\/wp\/v2\/pages\/102\/revisions"}],"predecessor-version":[{"id":13117,"href":"https:\/\/www.tequilerahdo.com.mx\/en\/wp-json\/wp\/v2\/pages\/102\/revisions\/13117"}],"wp:attachment":[{"href":"https:\/\/www.tequilerahdo.com.mx\/en\/wp-json\/wp\/v2\/media?parent=102"}],"curies":[{"name":"wp","href":"https:\/\/api.w.org\/{rel}","templated":true}]}}