{"id":12491,"date":"2021-11-26T23:43:42","date_gmt":"2021-11-26T23:43:42","guid":{"rendered":"http:\/\/tequilerahdo.com.mx\/?page_id=12491"},"modified":"2022-09-06T21:24:39","modified_gmt":"2022-09-06T21:24:39","slug":"botellas-personalizadas","status":"publish","type":"page","link":"https:\/\/www.tequilerahdo.com.mx\/en\/botellas-personalizadas\/","title":{"rendered":"Personalized Bottles"},"content":{"rendered":"<div class=\"vc_row wpb_row vc_row-fluid\"><div class=\"wpb_column vc_column_container vc_col-sm-12\"><div class=\"vc_column-inner\"><div class=\"wpb_wrapper\">\n\t\t\t<!-- START Botellas Personalizadas REVOLUTION SLIDER 6.5.22 --><p class=\"rs-p-wp-fix\"><\/p>\n\t\t\t<rs-module-wrap id=\"rev_slider_3_1_wrapper\" data-source=\"gallery\" style=\"visibility:hidden;background:transparent;padding:0;margin:0px auto;margin-top:0;margin-bottom:0;\">\n\t\t\t\t<rs-module id=\"rev_slider_3_1\" style=\"\" data-version=\"6.5.22\">\n\t\t\t\t\t<rs-slides>\n\t\t\t\t\t\t<rs-slide style=\"position: absolute;\" data-key=\"rs-5\" data-title=\"Slide\" data-in=\"o:0;\" data-out=\"a:false;\">\n\t\t\t\t\t\t\t<img decoding=\"async\" src=\"\/\/www.tequilerahdo.com.mx\/wp-content\/plugins\/revslider\/public\/assets\/assets\/dummy.png\" alt=\"\" title=\"Banner-Botellas-Personalizadas\" width=\"1399\" height=\"523\" class=\"rev-slidebg tp-rs-img rs-lazyload\" data-lazyload=\"\/\/tequilerahdo.com.mx\/wp-content\/uploads\/2021\/11\/Banner-Botellas-Personalizadas.jpg\" data-bg=\"f:contain;\" data-no-retina>\n<!--\n\t\t\t\t\t\t\t--><rs-layer\n\t\t\t\t\t\t\t\tid=\"slider-3-slide-5-layer-1\" \n\t\t\t\t\t\t\t\tdata-type=\"text\"\n\t\t\t\t\t\t\t\tdata-color=\"#ffffff\"\n\t\t\t\t\t\t\t\tdata-rsp_ch=\"on\"\n\t\t\t\t\t\t\t\tdata-xy=\"x:c;y:c;\"\n\t\t\t\t\t\t\t\tdata-text=\"w:normal;s:70;fw:700;a:center;\"\n\t\t\t\t\t\t\t\tdata-frame_999=\"o:0;st:w;\"\n\t\t\t\t\t\t\t\tstyle=\"z-index:6;font-family:'Montserrat';\"\n\t\t\t\t\t\t\t>CUSTOMIZED BOTTLES<br \/>\n \n\t\t\t\t\t\t\t<\/rs-layer><!--\n-->\t\t\t\t\t\t<\/rs-slide>\n\t\t\t\t\t<\/rs-slides>\n\t\t\t\t<\/rs-module>\n\t\t\t\t<script>\n\t\t\t\t\tsetREVStartSize({c: 'rev_slider_3_1',rl:[1240,1024,778,480],el:[710],gw:[1900],gh:[710],type:'standard',justify:'',layout:'fullwidth',mh:\"0\"});if (window.RS_MODULES!==undefined && window.RS_MODULES.modules!==undefined && window.RS_MODULES.modules[\"revslider31\"]!==undefined) {window.RS_MODULES.modules[\"revslider31\"].once = false;window.revapi3 = undefined;if (window.RS_MODULES.checkMinimal!==undefined) window.RS_MODULES.checkMinimal()}\n\t\t\t\t<\/script>\n\t\t\t<\/rs-module-wrap>\n\t\t\t<!-- END REVOLUTION SLIDER -->\n<\/div><\/div><\/div><\/div><div class=\"vc_row wpb_row vc_row-fluid\"><div class=\"wpb_column vc_column_container vc_col-sm-12\"><div class=\"vc_column-inner\"><div class=\"wpb_wrapper\"><div class=\"vc_empty_space\"   style=\"height: 32px\"><span class=\"vc_empty_space_inner\"><\/span><\/div><\/div><\/div><\/div><\/div><div class=\"container\"><div class=\"vc_row wpb_row vc_row-fluid vc_row-o-content-middle vc_row-flex\"><div class=\"wpb_column vc_column_container vc_col-sm-8\"><div class=\"vc_column-inner\"><div class=\"wpb_wrapper\"><h1 style=\"font-size: 28px;color: #009999;text-align: left;font-family:Montserrat;font-weight:700;font-style:normal\" class=\"vc_custom_heading\" >We have what you need!<\/h1>\n\t<div class=\"wpb_text_column wpb_content_element\" >\n\t\t<div class=\"wpb_wrapper\">\n\t\t\t<p style=\"font-family: Montserrat; font-size: 16px; color: #000000; text-align: left;\">Giving tequila as a gift is synonymous of elegance and attention, we personalize your bottle to pamper the one you love the most and reward the one who deserves it.<\/p>\n\n\t\t<\/div>\n\t<\/div>\n<\/div><\/div><\/div><div class=\"wpb_column vc_column_container vc_col-sm-2\"><div class=\"vc_column-inner\"><div class=\"wpb_wrapper\">\n\t<div  class=\"wpb_single_image wpb_content_element vc_align_center\">\n\t\t\n\t\t<figure class=\"wpb_wrapper vc_figure\">\n\t\t\t<div class=\"vc_single_image-wrapper   vc_box_border_grey\"><img decoding=\"async\" width=\"213\" height=\"320\" data-src=\"https:\/\/www.tequilerahdo.com.mx\/wp-content\/uploads\/2021\/11\/preview-gallery-HDO-1.jpg\" class=\"vc_single_image-img attachment-full lazyload\" alt=\"\" title=\"preview-gallery-HDO 1\" data-srcset=\"https:\/\/www.tequilerahdo.com.mx\/wp-content\/uploads\/2021\/11\/preview-gallery-HDO-1.jpg 213w, https:\/\/www.tequilerahdo.com.mx\/wp-content\/uploads\/2021\/11\/preview-gallery-HDO-1-200x300.jpg 200w\" data-sizes=\"(max-width: 213px) 100vw, 213px\" src=\"data:image\/gif;base64,R0lGODlhAQABAAAAACH5BAEKAAEALAAAAAABAAEAAAICTAEAOw==\" style=\"--smush-placeholder-width: 213px; --smush-placeholder-aspect-ratio: 213\/320;\" \/><\/div>\n\t\t<\/figure>\n\t<\/div>\n<\/div><\/div><\/div><div class=\"wpb_column vc_column_container vc_col-sm-2\"><div class=\"vc_column-inner\"><div class=\"wpb_wrapper\">\n\t<div  class=\"wpb_single_image wpb_content_element vc_align_center\">\n\t\t\n\t\t<figure class=\"wpb_wrapper vc_figure\">\n\t\t\t<div class=\"vc_single_image-wrapper   vc_box_border_grey\"><img decoding=\"async\" width=\"172\" height=\"292\" data-src=\"https:\/\/www.tequilerahdo.com.mx\/wp-content\/uploads\/2021\/11\/preview-gallery-HDO-2.jpg\" class=\"vc_single_image-img attachment-full lazyload\" alt=\"\" title=\"preview-gallery-HDO 2\" src=\"data:image\/gif;base64,R0lGODlhAQABAAAAACH5BAEKAAEALAAAAAABAAEAAAICTAEAOw==\" style=\"--smush-placeholder-width: 172px; --smush-placeholder-aspect-ratio: 172\/292;\" \/><\/div>\n\t\t<\/figure>\n\t<\/div>\n<\/div><\/div><\/div><\/div><\/div><div data-vc-full-width=\"true\" data-vc-full-width-init=\"false\" data-vc-stretch-content=\"true\" class=\"vc_row wpb_row vc_row-fluid vc_custom_1637972856816 vc_row-has-fill\"><div class=\"wpb_column vc_column_container vc_col-sm-12\"><div class=\"vc_column-inner\"><div class=\"wpb_wrapper\"><div class=\"vc_empty_space\"   style=\"height: 32px\"><span class=\"vc_empty_space_inner\"><\/span><\/div><h2 style=\"font-size: 28px;color: #ffffff;text-align: center;font-family:Montserrat;font-weight:700;font-style:normal\" class=\"vc_custom_heading vc_custom_1661548263410\" >Make your customization now!<\/h2>\n\t<div class=\"wpb_text_column wpb_content_element\" >\n\t\t<div class=\"wpb_wrapper\">\n\t\t\t<p style=\"font-family: Montserrat; font-size: 16px; color: #000000; text-align: center;\"><span style=\"color: #ffffff;\">Don't miss this special opportunity for that special person.<\/span><\/p>\n\n\t\t<\/div>\n\t<\/div>\n<a class=\"btn btn-custom-color btn-lg btn-align-center\" href=\"https:\/\/www.tequilerahdo.com.mx\/en\/contactanos\/\"  data-hover-background-color=\"#009999\" data-hover-border-color=\"#009999\" data-hover-color=\"\" style=\"background-color:rgba(119,119,119,0.01);border-color:#ffffff;color:#ffffff\"><span>Contact us<\/span><\/a>\n<div class=\"vc_empty_space\"   style=\"height: 32px\"><span class=\"vc_empty_space_inner\"><\/span><\/div><\/div><\/div><\/div><\/div><div class=\"vc_row-full-width\"><\/div>","protected":false},"excerpt":{"rendered":"BOTELLAS PERSONALIZADAS \u00a1Tenemos lo que necesitas! Regalar tequila es sin\u00f3nimo de elegancia y atenci\u00f3n, personalizamos tu botella para consentir a qui\u00e9n m\u00e1s quieres y galardonar a quien se lo merece. \u00a1Realiza tu personalizaci\u00f3n ahora! No dejes pasar esta oportunidad especial para esa persona especial. Contactar","protected":false},"author":1,"featured_media":0,"parent":0,"menu_order":0,"comment_status":"closed","ping_status":"closed","template":"page-no-sidebar.php","meta":{"footnotes":""},"class_list":["post-12491","page","type-page","status-publish","hentry"],"yoast_head":"<!-- This site is optimized with the Yoast SEO plugin v27.5 - https:\/\/yoast.com\/product\/yoast-seo-wordpress\/ -->\n<title>Botellas Personalizadas - Hacienda de Oro - grabado de botella<\/title>\n<meta name=\"description\" content=\"Hacienda de Oro | Personalizamos tu botella para consentir a qui\u00e9n m\u00e1s quieres y galardonar a quien se lo merece.\" \/>\n<meta name=\"robots\" content=\"index, follow, max-snippet:-1, max-image-preview:large, max-video-preview:-1\" \/>\n<link rel=\"canonical\" href=\"https:\/\/www.tequilerahdo.com.mx\/en\/botellas-personalizadas\/\" \/>\n<meta property=\"og:locale\" content=\"en_US\" \/>\n<meta property=\"og:type\" content=\"article\" \/>\n<meta property=\"og:title\" content=\"Botellas Personalizadas - Hacienda de Oro - grabado de botella\" \/>\n<meta property=\"og:description\" content=\"Hacienda de Oro | Personalizamos tu botella para consentir a qui\u00e9n m\u00e1s quieres y galardonar a quien se lo merece.\" \/>\n<meta property=\"og:url\" content=\"https:\/\/www.tequilerahdo.com.mx\/en\/botellas-personalizadas\/\" \/>\n<meta property=\"og:site_name\" content=\"Hacienda de Oro\" \/>\n<meta property=\"article:publisher\" content=\"https:\/\/www.facebook.com\/tequilerahaciendadeoro\/\" \/>\n<meta property=\"article:modified_time\" content=\"2022-09-06T21:24:39+00:00\" \/>\n<meta name=\"twitter:card\" content=\"summary_large_image\" \/>\n<meta name=\"twitter:label1\" content=\"Est. reading time\" \/>\n\t<meta name=\"twitter:data1\" content=\"1 minute\" \/>\n<script type=\"application\/ld+json\" class=\"yoast-schema-graph\">{\"@context\":\"https:\\\/\\\/schema.org\",\"@graph\":[{\"@type\":\"WebPage\",\"@id\":\"https:\\\/\\\/www.tequilerahdo.com.mx\\\/botellas-personalizadas\\\/\",\"url\":\"https:\\\/\\\/www.tequilerahdo.com.mx\\\/botellas-personalizadas\\\/\",\"name\":\"Botellas Personalizadas - Hacienda de Oro - grabado de botella\",\"isPartOf\":{\"@id\":\"https:\\\/\\\/www.tequilerahdo.com.mx\\\/#website\"},\"datePublished\":\"2021-11-26T23:43:42+00:00\",\"dateModified\":\"2022-09-06T21:24:39+00:00\",\"description\":\"Hacienda de Oro | Personalizamos tu botella para consentir a qui\u00e9n m\u00e1s quieres y galardonar a quien se lo merece.\",\"breadcrumb\":{\"@id\":\"https:\\\/\\\/www.tequilerahdo.com.mx\\\/botellas-personalizadas\\\/#breadcrumb\"},\"inLanguage\":\"en-US\",\"potentialAction\":[{\"@type\":\"ReadAction\",\"target\":[\"https:\\\/\\\/www.tequilerahdo.com.mx\\\/botellas-personalizadas\\\/\"]}]},{\"@type\":\"BreadcrumbList\",\"@id\":\"https:\\\/\\\/www.tequilerahdo.com.mx\\\/botellas-personalizadas\\\/#breadcrumb\",\"itemListElement\":[{\"@type\":\"ListItem\",\"position\":1,\"name\":\"Inicio\",\"item\":\"https:\\\/\\\/www.tequilerahdo.com.mx\\\/\"},{\"@type\":\"ListItem\",\"position\":2,\"name\":\"Botellas Personalizadas\"}]},{\"@type\":\"WebSite\",\"@id\":\"https:\\\/\\\/www.tequilerahdo.com.mx\\\/#website\",\"url\":\"https:\\\/\\\/www.tequilerahdo.com.mx\\\/\",\"name\":\"Hacienda de Oro\",\"description\":\"Hacienda de oro es una empresa fundada en Amatit\u00e1n, Jalisco que ha logrado destacarse en el mercado internacional gracias a la calidad de sus productos.\",\"publisher\":{\"@id\":\"https:\\\/\\\/www.tequilerahdo.com.mx\\\/#organization\"},\"potentialAction\":[{\"@type\":\"SearchAction\",\"target\":{\"@type\":\"EntryPoint\",\"urlTemplate\":\"https:\\\/\\\/www.tequilerahdo.com.mx\\\/?s={search_term_string}\"},\"query-input\":{\"@type\":\"PropertyValueSpecification\",\"valueRequired\":true,\"valueName\":\"search_term_string\"}}],\"inLanguage\":\"en-US\"},{\"@type\":\"Organization\",\"@id\":\"https:\\\/\\\/www.tequilerahdo.com.mx\\\/#organization\",\"name\":\"Tequilera Hacienda de Oro\",\"url\":\"https:\\\/\\\/www.tequilerahdo.com.mx\\\/\",\"logo\":{\"@type\":\"ImageObject\",\"inLanguage\":\"en-US\",\"@id\":\"https:\\\/\\\/www.tequilerahdo.com.mx\\\/#\\\/schema\\\/logo\\\/image\\\/\",\"url\":\"https:\\\/\\\/www.tequilerahdo.com.mx\\\/wp-content\\\/uploads\\\/2021\\\/11\\\/Homev2-30.png\",\"contentUrl\":\"https:\\\/\\\/www.tequilerahdo.com.mx\\\/wp-content\\\/uploads\\\/2021\\\/11\\\/Homev2-30.png\",\"width\":726,\"height\":228,\"caption\":\"Tequilera Hacienda de Oro\"},\"image\":{\"@id\":\"https:\\\/\\\/www.tequilerahdo.com.mx\\\/#\\\/schema\\\/logo\\\/image\\\/\"},\"sameAs\":[\"https:\\\/\\\/www.facebook.com\\\/tequilerahaciendadeoro\\\/\"]}]}<\/script>\n<!-- \/ Yoast SEO plugin. -->","yoast_head_json":{"title":"Botellas Personalizadas - Hacienda de Oro - grabado de botella","description":"Hacienda de Oro | Personalizamos tu botella para consentir a qui\u00e9n m\u00e1s quieres y galardonar a quien se lo merece.","robots":{"index":"index","follow":"follow","max-snippet":"max-snippet:-1","max-image-preview":"max-image-preview:large","max-video-preview":"max-video-preview:-1"},"canonical":"https:\/\/www.tequilerahdo.com.mx\/en\/botellas-personalizadas\/","og_locale":"en_US","og_type":"article","og_title":"Botellas Personalizadas - Hacienda de Oro - grabado de botella","og_description":"Hacienda de Oro | Personalizamos tu botella para consentir a qui\u00e9n m\u00e1s quieres y galardonar a quien se lo merece.","og_url":"https:\/\/www.tequilerahdo.com.mx\/en\/botellas-personalizadas\/","og_site_name":"Hacienda de Oro","article_publisher":"https:\/\/www.facebook.com\/tequilerahaciendadeoro\/","article_modified_time":"2022-09-06T21:24:39+00:00","twitter_card":"summary_large_image","twitter_misc":{"Est. reading time":"1 minute"},"schema":{"@context":"https:\/\/schema.org","@graph":[{"@type":"WebPage","@id":"https:\/\/www.tequilerahdo.com.mx\/botellas-personalizadas\/","url":"https:\/\/www.tequilerahdo.com.mx\/botellas-personalizadas\/","name":"Botellas Personalizadas - Hacienda de Oro - grabado de botella","isPartOf":{"@id":"https:\/\/www.tequilerahdo.com.mx\/#website"},"datePublished":"2021-11-26T23:43:42+00:00","dateModified":"2022-09-06T21:24:39+00:00","description":"Hacienda de Oro | Personalizamos tu botella para consentir a qui\u00e9n m\u00e1s quieres y galardonar a quien se lo merece.","breadcrumb":{"@id":"https:\/\/www.tequilerahdo.com.mx\/botellas-personalizadas\/#breadcrumb"},"inLanguage":"en-US","potentialAction":[{"@type":"ReadAction","target":["https:\/\/www.tequilerahdo.com.mx\/botellas-personalizadas\/"]}]},{"@type":"BreadcrumbList","@id":"https:\/\/www.tequilerahdo.com.mx\/botellas-personalizadas\/#breadcrumb","itemListElement":[{"@type":"ListItem","position":1,"name":"Inicio","item":"https:\/\/www.tequilerahdo.com.mx\/"},{"@type":"ListItem","position":2,"name":"Botellas Personalizadas"}]},{"@type":"WebSite","@id":"https:\/\/www.tequilerahdo.com.mx\/#website","url":"https:\/\/www.tequilerahdo.com.mx\/","name":"Hacienda de Oro","description":"Hacienda de oro es una empresa fundada en Amatit\u00e1n, Jalisco que ha logrado destacarse en el mercado internacional gracias a la calidad de sus productos.","publisher":{"@id":"https:\/\/www.tequilerahdo.com.mx\/#organization"},"potentialAction":[{"@type":"SearchAction","target":{"@type":"EntryPoint","urlTemplate":"https:\/\/www.tequilerahdo.com.mx\/?s={search_term_string}"},"query-input":{"@type":"PropertyValueSpecification","valueRequired":true,"valueName":"search_term_string"}}],"inLanguage":"en-US"},{"@type":"Organization","@id":"https:\/\/www.tequilerahdo.com.mx\/#organization","name":"Tequilera Hacienda de Oro","url":"https:\/\/www.tequilerahdo.com.mx\/","logo":{"@type":"ImageObject","inLanguage":"en-US","@id":"https:\/\/www.tequilerahdo.com.mx\/#\/schema\/logo\/image\/","url":"https:\/\/www.tequilerahdo.com.mx\/wp-content\/uploads\/2021\/11\/Homev2-30.png","contentUrl":"https:\/\/www.tequilerahdo.com.mx\/wp-content\/uploads\/2021\/11\/Homev2-30.png","width":726,"height":228,"caption":"Tequilera Hacienda de Oro"},"image":{"@id":"https:\/\/www.tequilerahdo.com.mx\/#\/schema\/logo\/image\/"},"sameAs":["https:\/\/www.facebook.com\/tequilerahaciendadeoro\/"]}]}},"_links":{"self":[{"href":"https:\/\/www.tequilerahdo.com.mx\/en\/wp-json\/wp\/v2\/pages\/12491","targetHints":{"allow":["GET"]}}],"collection":[{"href":"https:\/\/www.tequilerahdo.com.mx\/en\/wp-json\/wp\/v2\/pages"}],"about":[{"href":"https:\/\/www.tequilerahdo.com.mx\/en\/wp-json\/wp\/v2\/types\/page"}],"author":[{"embeddable":true,"href":"https:\/\/www.tequilerahdo.com.mx\/en\/wp-json\/wp\/v2\/users\/1"}],"replies":[{"embeddable":true,"href":"https:\/\/www.tequilerahdo.com.mx\/en\/wp-json\/wp\/v2\/comments?post=12491"}],"version-history":[{"count":21,"href":"https:\/\/www.tequilerahdo.com.mx\/en\/wp-json\/wp\/v2\/pages\/12491\/revisions"}],"predecessor-version":[{"id":13061,"href":"https:\/\/www.tequilerahdo.com.mx\/en\/wp-json\/wp\/v2\/pages\/12491\/revisions\/13061"}],"wp:attachment":[{"href":"https:\/\/www.tequilerahdo.com.mx\/en\/wp-json\/wp\/v2\/media?parent=12491"}],"curies":[{"name":"wp","href":"https:\/\/api.w.org\/{rel}","templated":true}]}}