{"id":13463,"date":"2025-06-03T15:42:12","date_gmt":"2025-06-03T15:42:12","guid":{"rendered":"https:\/\/www.tequilerahdo.com.mx\/?page_id=13463"},"modified":"2025-06-03T19:32:46","modified_gmt":"2025-06-03T19:32:46","slug":"codigo-de-etica","status":"publish","type":"page","link":"https:\/\/www.tequilerahdo.com.mx\/en\/codigo-de-etica\/","title":{"rendered":"\u00c9tica y Privacidad"},"content":{"rendered":"<p>Ponemos a tu disposici\u00f3n el C\u00f3digo de \u00c9tica y el Aviso de Privacidad para garantizar transparencia, confianza y responsabilidad en todas nuestras acciones.<br \/>\nCons\u00faltalas dando click en los nombres correspondientes.<\/p>\n<p><a href=\"https:\/\/www.tequilerahdo.com.mx\/wp-content\/uploads\/2025\/06\/Codigo-de-etica.pdf\">C\u00f3digo de \u00e9tica<\/a><\/p>\n<p><a href=\"https:\/\/www.tequilerahdo.com.mx\/wp-content\/uploads\/2025\/06\/Aviso-de-privacidad.pdf\">Privacy Policy<\/a><\/p>","protected":false},"excerpt":{"rendered":"<p>Ponemos a tu disposici\u00f3n el C\u00f3digo de \u00c9tica y el Aviso de Privacidad para garantizar transparencia, confianza y responsabilidad en todas nuestras acciones. Cons\u00faltalas dando click en los nombres correspondientes. C\u00f3digo de \u00e9tica Aviso de privacidad<\/p>","protected":false},"author":1,"featured_media":0,"parent":0,"menu_order":0,"comment_status":"closed","ping_status":"closed","template":"","meta":{"footnotes":""},"class_list":["post-13463","page","type-page","status-publish","hentry"],"yoast_head":"<!-- This site is optimized with the Yoast SEO plugin v27.4 - https:\/\/yoast.com\/product\/yoast-seo-wordpress\/ -->\n<title>\u00c9tica y Privacidad - Hacienda de Oro<\/title>\n<meta name=\"description\" content=\"Tequila hacienda de oro, recorridos tur\u00edsticos por el paisaje agavero de Amatit\u00e1n, Licor y botellas personalizadas\" \/>\n<meta name=\"robots\" content=\"index, follow, max-snippet:-1, max-image-preview:large, max-video-preview:-1\" \/>\n<link rel=\"canonical\" href=\"https:\/\/www.tequilerahdo.com.mx\/en\/codigo-de-etica\/\" \/>\n<meta property=\"og:locale\" content=\"en_US\" \/>\n<meta property=\"og:type\" content=\"article\" \/>\n<meta property=\"og:title\" content=\"\u00c9tica y Privacidad - Hacienda de Oro\" \/>\n<meta property=\"og:description\" content=\"Tequila hacienda de oro, recorridos tur\u00edsticos por el paisaje agavero de Amatit\u00e1n, Licor y botellas personalizadas\" \/>\n<meta property=\"og:url\" content=\"https:\/\/www.tequilerahdo.com.mx\/en\/codigo-de-etica\/\" \/>\n<meta property=\"og:site_name\" content=\"Hacienda de Oro\" \/>\n<meta property=\"article:publisher\" content=\"https:\/\/www.facebook.com\/tequilerahaciendadeoro\/\" \/>\n<meta property=\"article:modified_time\" content=\"2025-06-03T19:32:46+00:00\" \/>\n<meta name=\"twitter:card\" content=\"summary_large_image\" \/>\n<script type=\"application\/ld+json\" class=\"yoast-schema-graph\">{\"@context\":\"https:\\\/\\\/schema.org\",\"@graph\":[{\"@type\":\"WebPage\",\"@id\":\"https:\\\/\\\/www.tequilerahdo.com.mx\\\/codigo-de-etica\\\/\",\"url\":\"https:\\\/\\\/www.tequilerahdo.com.mx\\\/codigo-de-etica\\\/\",\"name\":\"\u00c9tica y Privacidad - Hacienda de Oro\",\"isPartOf\":{\"@id\":\"https:\\\/\\\/www.tequilerahdo.com.mx\\\/#website\"},\"datePublished\":\"2025-06-03T15:42:12+00:00\",\"dateModified\":\"2025-06-03T19:32:46+00:00\",\"description\":\"Tequila hacienda de oro, recorridos tur\u00edsticos por el paisaje agavero de Amatit\u00e1n, Licor y botellas personalizadas\",\"breadcrumb\":{\"@id\":\"https:\\\/\\\/www.tequilerahdo.com.mx\\\/codigo-de-etica\\\/#breadcrumb\"},\"inLanguage\":\"en-US\",\"potentialAction\":[{\"@type\":\"ReadAction\",\"target\":[\"https:\\\/\\\/www.tequilerahdo.com.mx\\\/codigo-de-etica\\\/\"]}]},{\"@type\":\"BreadcrumbList\",\"@id\":\"https:\\\/\\\/www.tequilerahdo.com.mx\\\/codigo-de-etica\\\/#breadcrumb\",\"itemListElement\":[{\"@type\":\"ListItem\",\"position\":1,\"name\":\"Inicio\",\"item\":\"https:\\\/\\\/www.tequilerahdo.com.mx\\\/\"},{\"@type\":\"ListItem\",\"position\":2,\"name\":\"\u00c9tica y Privacidad\"}]},{\"@type\":\"WebSite\",\"@id\":\"https:\\\/\\\/www.tequilerahdo.com.mx\\\/#website\",\"url\":\"https:\\\/\\\/www.tequilerahdo.com.mx\\\/\",\"name\":\"Hacienda de Oro\",\"description\":\"Hacienda de oro es una empresa fundada en Amatit\u00e1n, Jalisco que ha logrado destacarse en el mercado internacional gracias a la calidad de sus productos.\",\"publisher\":{\"@id\":\"https:\\\/\\\/www.tequilerahdo.com.mx\\\/#organization\"},\"potentialAction\":[{\"@type\":\"SearchAction\",\"target\":{\"@type\":\"EntryPoint\",\"urlTemplate\":\"https:\\\/\\\/www.tequilerahdo.com.mx\\\/?s={search_term_string}\"},\"query-input\":{\"@type\":\"PropertyValueSpecification\",\"valueRequired\":true,\"valueName\":\"search_term_string\"}}],\"inLanguage\":\"en-US\"},{\"@type\":\"Organization\",\"@id\":\"https:\\\/\\\/www.tequilerahdo.com.mx\\\/#organization\",\"name\":\"Tequilera Hacienda de Oro\",\"url\":\"https:\\\/\\\/www.tequilerahdo.com.mx\\\/\",\"logo\":{\"@type\":\"ImageObject\",\"inLanguage\":\"en-US\",\"@id\":\"https:\\\/\\\/www.tequilerahdo.com.mx\\\/#\\\/schema\\\/logo\\\/image\\\/\",\"url\":\"https:\\\/\\\/www.tequilerahdo.com.mx\\\/wp-content\\\/uploads\\\/2021\\\/11\\\/Homev2-30.png\",\"contentUrl\":\"https:\\\/\\\/www.tequilerahdo.com.mx\\\/wp-content\\\/uploads\\\/2021\\\/11\\\/Homev2-30.png\",\"width\":726,\"height\":228,\"caption\":\"Tequilera Hacienda de Oro\"},\"image\":{\"@id\":\"https:\\\/\\\/www.tequilerahdo.com.mx\\\/#\\\/schema\\\/logo\\\/image\\\/\"},\"sameAs\":[\"https:\\\/\\\/www.facebook.com\\\/tequilerahaciendadeoro\\\/\"]}]}<\/script>\n<!-- \/ Yoast SEO plugin. -->","yoast_head_json":{"title":"\u00c9tica y Privacidad - Hacienda de Oro","description":"Tequila hacienda de oro, recorridos tur\u00edsticos por el paisaje agavero de Amatit\u00e1n, Licor y botellas personalizadas","robots":{"index":"index","follow":"follow","max-snippet":"max-snippet:-1","max-image-preview":"max-image-preview:large","max-video-preview":"max-video-preview:-1"},"canonical":"https:\/\/www.tequilerahdo.com.mx\/en\/codigo-de-etica\/","og_locale":"en_US","og_type":"article","og_title":"\u00c9tica y Privacidad - Hacienda de Oro","og_description":"Tequila hacienda de oro, recorridos tur\u00edsticos por el paisaje agavero de Amatit\u00e1n, Licor y botellas personalizadas","og_url":"https:\/\/www.tequilerahdo.com.mx\/en\/codigo-de-etica\/","og_site_name":"Hacienda de Oro","article_publisher":"https:\/\/www.facebook.com\/tequilerahaciendadeoro\/","article_modified_time":"2025-06-03T19:32:46+00:00","twitter_card":"summary_large_image","schema":{"@context":"https:\/\/schema.org","@graph":[{"@type":"WebPage","@id":"https:\/\/www.tequilerahdo.com.mx\/codigo-de-etica\/","url":"https:\/\/www.tequilerahdo.com.mx\/codigo-de-etica\/","name":"\u00c9tica y Privacidad - Hacienda de Oro","isPartOf":{"@id":"https:\/\/www.tequilerahdo.com.mx\/#website"},"datePublished":"2025-06-03T15:42:12+00:00","dateModified":"2025-06-03T19:32:46+00:00","description":"Tequila hacienda de oro, recorridos tur\u00edsticos por el paisaje agavero de Amatit\u00e1n, Licor y botellas personalizadas","breadcrumb":{"@id":"https:\/\/www.tequilerahdo.com.mx\/codigo-de-etica\/#breadcrumb"},"inLanguage":"en-US","potentialAction":[{"@type":"ReadAction","target":["https:\/\/www.tequilerahdo.com.mx\/codigo-de-etica\/"]}]},{"@type":"BreadcrumbList","@id":"https:\/\/www.tequilerahdo.com.mx\/codigo-de-etica\/#breadcrumb","itemListElement":[{"@type":"ListItem","position":1,"name":"Inicio","item":"https:\/\/www.tequilerahdo.com.mx\/"},{"@type":"ListItem","position":2,"name":"\u00c9tica y Privacidad"}]},{"@type":"WebSite","@id":"https:\/\/www.tequilerahdo.com.mx\/#website","url":"https:\/\/www.tequilerahdo.com.mx\/","name":"Hacienda de Oro","description":"Hacienda de oro es una empresa fundada en Amatit\u00e1n, Jalisco que ha logrado destacarse en el mercado internacional gracias a la calidad de sus productos.","publisher":{"@id":"https:\/\/www.tequilerahdo.com.mx\/#organization"},"potentialAction":[{"@type":"SearchAction","target":{"@type":"EntryPoint","urlTemplate":"https:\/\/www.tequilerahdo.com.mx\/?s={search_term_string}"},"query-input":{"@type":"PropertyValueSpecification","valueRequired":true,"valueName":"search_term_string"}}],"inLanguage":"en-US"},{"@type":"Organization","@id":"https:\/\/www.tequilerahdo.com.mx\/#organization","name":"Tequilera Hacienda de Oro","url":"https:\/\/www.tequilerahdo.com.mx\/","logo":{"@type":"ImageObject","inLanguage":"en-US","@id":"https:\/\/www.tequilerahdo.com.mx\/#\/schema\/logo\/image\/","url":"https:\/\/www.tequilerahdo.com.mx\/wp-content\/uploads\/2021\/11\/Homev2-30.png","contentUrl":"https:\/\/www.tequilerahdo.com.mx\/wp-content\/uploads\/2021\/11\/Homev2-30.png","width":726,"height":228,"caption":"Tequilera Hacienda de Oro"},"image":{"@id":"https:\/\/www.tequilerahdo.com.mx\/#\/schema\/logo\/image\/"},"sameAs":["https:\/\/www.facebook.com\/tequilerahaciendadeoro\/"]}]}},"_links":{"self":[{"href":"https:\/\/www.tequilerahdo.com.mx\/en\/wp-json\/wp\/v2\/pages\/13463","targetHints":{"allow":["GET"]}}],"collection":[{"href":"https:\/\/www.tequilerahdo.com.mx\/en\/wp-json\/wp\/v2\/pages"}],"about":[{"href":"https:\/\/www.tequilerahdo.com.mx\/en\/wp-json\/wp\/v2\/types\/page"}],"author":[{"embeddable":true,"href":"https:\/\/www.tequilerahdo.com.mx\/en\/wp-json\/wp\/v2\/users\/1"}],"replies":[{"embeddable":true,"href":"https:\/\/www.tequilerahdo.com.mx\/en\/wp-json\/wp\/v2\/comments?post=13463"}],"version-history":[{"count":5,"href":"https:\/\/www.tequilerahdo.com.mx\/en\/wp-json\/wp\/v2\/pages\/13463\/revisions"}],"predecessor-version":[{"id":13471,"href":"https:\/\/www.tequilerahdo.com.mx\/en\/wp-json\/wp\/v2\/pages\/13463\/revisions\/13471"}],"wp:attachment":[{"href":"https:\/\/www.tequilerahdo.com.mx\/en\/wp-json\/wp\/v2\/media?parent=13463"}],"curies":[{"name":"wp","href":"https:\/\/api.w.org\/{rel}","templated":true}]}}