{"id":12448,"date":"2021-11-23T23:24:09","date_gmt":"2021-11-23T23:24:09","guid":{"rendered":"http:\/\/tequilerahdo.com.mx\/product\/tequila-el-ultimo-agave-reposado-144-piezas-50-ml\/"},"modified":"2025-11-18T00:00:29","modified_gmt":"2025-11-18T00:00:29","slug":"tequila-el-ultimo-agave-reposado-144-piezas-50-ml","status":"publish","type":"product","link":"https:\/\/www.tequilerahdo.com.mx\/en\/product\/tequila-el-ultimo-agave-reposado-144-piezas-50-ml\/","title":{"rendered":"Tequila El \u00faltimo agave reposado 144 pieces - 50 ml"},"content":{"rendered":"<p>This product is the star of HACIENDA DE ORO, its great quality has been compared to the best Tequilas and has even surpassed internationally recognized brands, and the most surprising thing is that it has achieved this at an affordable price.<\/p>","protected":false},"excerpt":{"rendered":"<p>Tequila reposado 100% de agave<\/p>","protected":false},"featured_media":12217,"template":"","meta":[],"product_brand":[],"product_cat":[143,128],"product_tag":[80,86,98,84],"class_list":["post-12448","product","type-product","status-publish","has-post-thumbnail","hentry","product_cat-cajas-reposado-tequila-el-ultimo-agave","product_cat-tequila-el-ultimo-agave","product_tag-100-agave","product_tag-50-ml","product_tag-botella-pet","product_tag-reposado","pa_contenido-por-caja-144-miniaturas","pa_tamano-50-ml"],"yoast_head":"<!-- This site is optimized with the Yoast SEO plugin v27.5 - https:\/\/yoast.com\/product\/yoast-seo-wordpress\/ -->\n<title>Tequila El \u00faltimo agave reposado 144 piezas - 50 ml - Hacienda de Oro<\/title>\n<meta name=\"description\" content=\"Tequila hacienda de oro, recorridos tur\u00edsticos por el paisaje agavero de Amatit\u00e1n, Licor y botellas personalizadas\" \/>\n<meta name=\"robots\" content=\"index, follow, max-snippet:-1, max-image-preview:large, max-video-preview:-1\" \/>\n<link rel=\"canonical\" href=\"https:\/\/www.tequilerahdo.com.mx\/en\/product\/tequila-el-ultimo-agave-reposado-144-piezas-50-ml\/\" \/>\n<meta property=\"og:locale\" content=\"en_US\" \/>\n<meta property=\"og:type\" content=\"article\" \/>\n<meta property=\"og:title\" content=\"Tequila El \u00faltimo agave reposado 144 piezas - 50 ml - Hacienda de Oro\" \/>\n<meta property=\"og:description\" content=\"Tequila hacienda de oro, recorridos tur\u00edsticos por el paisaje agavero de Amatit\u00e1n, Licor y botellas personalizadas\" \/>\n<meta property=\"og:url\" content=\"https:\/\/www.tequilerahdo.com.mx\/en\/product\/tequila-el-ultimo-agave-reposado-144-piezas-50-ml\/\" \/>\n<meta property=\"og:site_name\" content=\"Hacienda de Oro\" \/>\n<meta property=\"article:publisher\" content=\"https:\/\/www.facebook.com\/tequilerahaciendadeoro\/\" \/>\n<meta property=\"article:modified_time\" content=\"2025-11-18T00:00:29+00:00\" \/>\n<meta property=\"og:image\" content=\"https:\/\/www.tequilerahdo.com.mx\/wp-content\/uploads\/2021\/11\/UA-Reposado-144-miniaturas-50-ml-scaled.jpg\" \/>\n\t<meta property=\"og:image:width\" content=\"2560\" \/>\n\t<meta property=\"og:image:height\" content=\"1707\" \/>\n\t<meta property=\"og:image:type\" content=\"image\/jpeg\" \/>\n<meta name=\"twitter:card\" content=\"summary_large_image\" \/>\n<script type=\"application\/ld+json\" class=\"yoast-schema-graph\">{\"@context\":\"https:\\\/\\\/schema.org\",\"@graph\":[{\"@type\":\"WebPage\",\"@id\":\"https:\\\/\\\/www.tequilerahdo.com.mx\\\/producto\\\/tequila-el-ultimo-agave-reposado-144-piezas-50-ml\\\/\",\"url\":\"https:\\\/\\\/www.tequilerahdo.com.mx\\\/producto\\\/tequila-el-ultimo-agave-reposado-144-piezas-50-ml\\\/\",\"name\":\"Tequila El \u00faltimo agave reposado 144 piezas - 50 ml - Hacienda de Oro\",\"isPartOf\":{\"@id\":\"https:\\\/\\\/www.tequilerahdo.com.mx\\\/#website\"},\"primaryImageOfPage\":{\"@id\":\"https:\\\/\\\/www.tequilerahdo.com.mx\\\/producto\\\/tequila-el-ultimo-agave-reposado-144-piezas-50-ml\\\/#primaryimage\"},\"image\":{\"@id\":\"https:\\\/\\\/www.tequilerahdo.com.mx\\\/producto\\\/tequila-el-ultimo-agave-reposado-144-piezas-50-ml\\\/#primaryimage\"},\"thumbnailUrl\":\"https:\\\/\\\/www.tequilerahdo.com.mx\\\/wp-content\\\/uploads\\\/2021\\\/11\\\/UA-Reposado-144-miniaturas-50-ml-scaled.jpg\",\"datePublished\":\"2021-11-23T23:24:09+00:00\",\"dateModified\":\"2025-11-18T00:00:29+00:00\",\"description\":\"Tequila hacienda de oro, recorridos tur\u00edsticos por el paisaje agavero de Amatit\u00e1n, Licor y botellas personalizadas\",\"breadcrumb\":{\"@id\":\"https:\\\/\\\/www.tequilerahdo.com.mx\\\/producto\\\/tequila-el-ultimo-agave-reposado-144-piezas-50-ml\\\/#breadcrumb\"},\"inLanguage\":\"en-US\",\"potentialAction\":[{\"@type\":\"ReadAction\",\"target\":[\"https:\\\/\\\/www.tequilerahdo.com.mx\\\/producto\\\/tequila-el-ultimo-agave-reposado-144-piezas-50-ml\\\/\"]}]},{\"@type\":\"ImageObject\",\"inLanguage\":\"en-US\",\"@id\":\"https:\\\/\\\/www.tequilerahdo.com.mx\\\/producto\\\/tequila-el-ultimo-agave-reposado-144-piezas-50-ml\\\/#primaryimage\",\"url\":\"https:\\\/\\\/www.tequilerahdo.com.mx\\\/wp-content\\\/uploads\\\/2021\\\/11\\\/UA-Reposado-144-miniaturas-50-ml-scaled.jpg\",\"contentUrl\":\"https:\\\/\\\/www.tequilerahdo.com.mx\\\/wp-content\\\/uploads\\\/2021\\\/11\\\/UA-Reposado-144-miniaturas-50-ml-scaled.jpg\",\"width\":2560,\"height\":1707,\"caption\":\"Tequila\"},{\"@type\":\"BreadcrumbList\",\"@id\":\"https:\\\/\\\/www.tequilerahdo.com.mx\\\/producto\\\/tequila-el-ultimo-agave-reposado-144-piezas-50-ml\\\/#breadcrumb\",\"itemListElement\":[{\"@type\":\"ListItem\",\"position\":1,\"name\":\"Inicio\",\"item\":\"https:\\\/\\\/www.tequilerahdo.com.mx\\\/\"},{\"@type\":\"ListItem\",\"position\":2,\"name\":\"Productos\",\"item\":\"https:\\\/\\\/www.tequilerahdo.com.mx\\\/productos-2\\\/\"},{\"@type\":\"ListItem\",\"position\":3,\"name\":\"Tequila El \u00faltimo agave reposado 144 piezas &#8211; 50 ml\"}]},{\"@type\":\"WebSite\",\"@id\":\"https:\\\/\\\/www.tequilerahdo.com.mx\\\/#website\",\"url\":\"https:\\\/\\\/www.tequilerahdo.com.mx\\\/\",\"name\":\"Hacienda de Oro\",\"description\":\"Hacienda de oro es una empresa fundada en Amatit\u00e1n, Jalisco que ha logrado destacarse en el mercado internacional gracias a la calidad de sus productos.\",\"publisher\":{\"@id\":\"https:\\\/\\\/www.tequilerahdo.com.mx\\\/#organization\"},\"potentialAction\":[{\"@type\":\"SearchAction\",\"target\":{\"@type\":\"EntryPoint\",\"urlTemplate\":\"https:\\\/\\\/www.tequilerahdo.com.mx\\\/?s={search_term_string}\"},\"query-input\":{\"@type\":\"PropertyValueSpecification\",\"valueRequired\":true,\"valueName\":\"search_term_string\"}}],\"inLanguage\":\"en-US\"},{\"@type\":\"Organization\",\"@id\":\"https:\\\/\\\/www.tequilerahdo.com.mx\\\/#organization\",\"name\":\"Tequilera Hacienda de Oro\",\"url\":\"https:\\\/\\\/www.tequilerahdo.com.mx\\\/\",\"logo\":{\"@type\":\"ImageObject\",\"inLanguage\":\"en-US\",\"@id\":\"https:\\\/\\\/www.tequilerahdo.com.mx\\\/#\\\/schema\\\/logo\\\/image\\\/\",\"url\":\"https:\\\/\\\/www.tequilerahdo.com.mx\\\/wp-content\\\/uploads\\\/2021\\\/11\\\/Homev2-30.png\",\"contentUrl\":\"https:\\\/\\\/www.tequilerahdo.com.mx\\\/wp-content\\\/uploads\\\/2021\\\/11\\\/Homev2-30.png\",\"width\":726,\"height\":228,\"caption\":\"Tequilera Hacienda de Oro\"},\"image\":{\"@id\":\"https:\\\/\\\/www.tequilerahdo.com.mx\\\/#\\\/schema\\\/logo\\\/image\\\/\"},\"sameAs\":[\"https:\\\/\\\/www.facebook.com\\\/tequilerahaciendadeoro\\\/\"]}]}<\/script>\n<!-- \/ Yoast SEO plugin. -->","yoast_head_json":{"title":"Tequila El \u00faltimo agave reposado 144 piezas - 50 ml - Hacienda de Oro","description":"Tequila hacienda de oro, recorridos tur\u00edsticos por el paisaje agavero de Amatit\u00e1n, Licor y botellas personalizadas","robots":{"index":"index","follow":"follow","max-snippet":"max-snippet:-1","max-image-preview":"max-image-preview:large","max-video-preview":"max-video-preview:-1"},"canonical":"https:\/\/www.tequilerahdo.com.mx\/en\/product\/tequila-el-ultimo-agave-reposado-144-piezas-50-ml\/","og_locale":"en_US","og_type":"article","og_title":"Tequila El \u00faltimo agave reposado 144 piezas - 50 ml - Hacienda de Oro","og_description":"Tequila hacienda de oro, recorridos tur\u00edsticos por el paisaje agavero de Amatit\u00e1n, Licor y botellas personalizadas","og_url":"https:\/\/www.tequilerahdo.com.mx\/en\/product\/tequila-el-ultimo-agave-reposado-144-piezas-50-ml\/","og_site_name":"Hacienda de Oro","article_publisher":"https:\/\/www.facebook.com\/tequilerahaciendadeoro\/","article_modified_time":"2025-11-18T00:00:29+00:00","og_image":[{"width":2560,"height":1707,"url":"https:\/\/www.tequilerahdo.com.mx\/wp-content\/uploads\/2021\/11\/UA-Reposado-144-miniaturas-50-ml-scaled.jpg","type":"image\/jpeg"}],"twitter_card":"summary_large_image","schema":{"@context":"https:\/\/schema.org","@graph":[{"@type":"WebPage","@id":"https:\/\/www.tequilerahdo.com.mx\/producto\/tequila-el-ultimo-agave-reposado-144-piezas-50-ml\/","url":"https:\/\/www.tequilerahdo.com.mx\/producto\/tequila-el-ultimo-agave-reposado-144-piezas-50-ml\/","name":"Tequila El \u00faltimo agave reposado 144 piezas - 50 ml - Hacienda de Oro","isPartOf":{"@id":"https:\/\/www.tequilerahdo.com.mx\/#website"},"primaryImageOfPage":{"@id":"https:\/\/www.tequilerahdo.com.mx\/producto\/tequila-el-ultimo-agave-reposado-144-piezas-50-ml\/#primaryimage"},"image":{"@id":"https:\/\/www.tequilerahdo.com.mx\/producto\/tequila-el-ultimo-agave-reposado-144-piezas-50-ml\/#primaryimage"},"thumbnailUrl":"https:\/\/www.tequilerahdo.com.mx\/wp-content\/uploads\/2021\/11\/UA-Reposado-144-miniaturas-50-ml-scaled.jpg","datePublished":"2021-11-23T23:24:09+00:00","dateModified":"2025-11-18T00:00:29+00:00","description":"Tequila hacienda de oro, recorridos tur\u00edsticos por el paisaje agavero de Amatit\u00e1n, Licor y botellas personalizadas","breadcrumb":{"@id":"https:\/\/www.tequilerahdo.com.mx\/producto\/tequila-el-ultimo-agave-reposado-144-piezas-50-ml\/#breadcrumb"},"inLanguage":"en-US","potentialAction":[{"@type":"ReadAction","target":["https:\/\/www.tequilerahdo.com.mx\/producto\/tequila-el-ultimo-agave-reposado-144-piezas-50-ml\/"]}]},{"@type":"ImageObject","inLanguage":"en-US","@id":"https:\/\/www.tequilerahdo.com.mx\/producto\/tequila-el-ultimo-agave-reposado-144-piezas-50-ml\/#primaryimage","url":"https:\/\/www.tequilerahdo.com.mx\/wp-content\/uploads\/2021\/11\/UA-Reposado-144-miniaturas-50-ml-scaled.jpg","contentUrl":"https:\/\/www.tequilerahdo.com.mx\/wp-content\/uploads\/2021\/11\/UA-Reposado-144-miniaturas-50-ml-scaled.jpg","width":2560,"height":1707,"caption":"Tequila"},{"@type":"BreadcrumbList","@id":"https:\/\/www.tequilerahdo.com.mx\/producto\/tequila-el-ultimo-agave-reposado-144-piezas-50-ml\/#breadcrumb","itemListElement":[{"@type":"ListItem","position":1,"name":"Inicio","item":"https:\/\/www.tequilerahdo.com.mx\/"},{"@type":"ListItem","position":2,"name":"Productos","item":"https:\/\/www.tequilerahdo.com.mx\/productos-2\/"},{"@type":"ListItem","position":3,"name":"Tequila El \u00faltimo agave reposado 144 piezas &#8211; 50 ml"}]},{"@type":"WebSite","@id":"https:\/\/www.tequilerahdo.com.mx\/#website","url":"https:\/\/www.tequilerahdo.com.mx\/","name":"Hacienda de Oro","description":"Hacienda de oro es una empresa fundada en Amatit\u00e1n, Jalisco que ha logrado destacarse en el mercado internacional gracias a la calidad de sus productos.","publisher":{"@id":"https:\/\/www.tequilerahdo.com.mx\/#organization"},"potentialAction":[{"@type":"SearchAction","target":{"@type":"EntryPoint","urlTemplate":"https:\/\/www.tequilerahdo.com.mx\/?s={search_term_string}"},"query-input":{"@type":"PropertyValueSpecification","valueRequired":true,"valueName":"search_term_string"}}],"inLanguage":"en-US"},{"@type":"Organization","@id":"https:\/\/www.tequilerahdo.com.mx\/#organization","name":"Tequilera Hacienda de Oro","url":"https:\/\/www.tequilerahdo.com.mx\/","logo":{"@type":"ImageObject","inLanguage":"en-US","@id":"https:\/\/www.tequilerahdo.com.mx\/#\/schema\/logo\/image\/","url":"https:\/\/www.tequilerahdo.com.mx\/wp-content\/uploads\/2021\/11\/Homev2-30.png","contentUrl":"https:\/\/www.tequilerahdo.com.mx\/wp-content\/uploads\/2021\/11\/Homev2-30.png","width":726,"height":228,"caption":"Tequilera Hacienda de Oro"},"image":{"@id":"https:\/\/www.tequilerahdo.com.mx\/#\/schema\/logo\/image\/"},"sameAs":["https:\/\/www.facebook.com\/tequilerahaciendadeoro\/"]}]}},"_links":{"self":[{"href":"https:\/\/www.tequilerahdo.com.mx\/en\/wp-json\/wp\/v2\/product\/12448","targetHints":{"allow":["GET"]}}],"collection":[{"href":"https:\/\/www.tequilerahdo.com.mx\/en\/wp-json\/wp\/v2\/product"}],"about":[{"href":"https:\/\/www.tequilerahdo.com.mx\/en\/wp-json\/wp\/v2\/types\/product"}],"wp:featuredmedia":[{"embeddable":true,"href":"https:\/\/www.tequilerahdo.com.mx\/en\/wp-json\/wp\/v2\/media\/12217"}],"wp:attachment":[{"href":"https:\/\/www.tequilerahdo.com.mx\/en\/wp-json\/wp\/v2\/media?parent=12448"}],"wp:term":[{"taxonomy":"product_brand","embeddable":true,"href":"https:\/\/www.tequilerahdo.com.mx\/en\/wp-json\/wp\/v2\/product_brand?post=12448"},{"taxonomy":"product_cat","embeddable":true,"href":"https:\/\/www.tequilerahdo.com.mx\/en\/wp-json\/wp\/v2\/product_cat?post=12448"},{"taxonomy":"product_tag","embeddable":true,"href":"https:\/\/www.tequilerahdo.com.mx\/en\/wp-json\/wp\/v2\/product_tag?post=12448"}],"curies":[{"name":"wp","href":"https:\/\/api.w.org\/{rel}","templated":true}]}}