{"id":13456,"date":"2025-06-02T21:41:08","date_gmt":"2025-06-02T21:41:08","guid":{"rendered":"https:\/\/www.tequilerahdo.com.mx\/?post_type=product&#038;p=13456"},"modified":"2025-11-18T00:00:30","modified_gmt":"2025-11-18T00:00:30","slug":"tequila-amatitense-extra-anejo-750-ml","status":"publish","type":"product","link":"https:\/\/www.tequilerahdo.com.mx\/en\/product\/tequila-amatitense-extra-anejo-750-ml\/","title":{"rendered":"Tequila Amatitense extra a\u00f1ejo &#8211; 750 ml"},"content":{"rendered":"<p>Amatitense Extra A\u00f1ejo es el tesoro m\u00e1s preciado de la casa: un tequila que ha reposado pacientemente durante a\u00f1os para alcanzar su m\u00e1xima expresi\u00f3n. Representa el lujo del tiempo embotellado, pensado para los conocedores que aprecian la complejidad, la suavidad y la elegancia en cada detalle. Ideal para celebraciones memorables, este tequila es el compa\u00f1ero perfecto para quienes entienden que lo mejor siempre llega con paciencia.<\/p>","protected":false},"excerpt":{"rendered":"<p>Amatitense Extra A\u00f1ejo: lujo, elegancia y tiempo perfectamente integrados.<\/p>","protected":false},"featured_media":13457,"template":"","meta":[],"product_brand":[],"product_cat":[164],"product_tag":[],"class_list":["post-13456","product","type-product","status-publish","has-post-thumbnail","hentry","product_cat-tequila-amatitense"],"yoast_head":"<!-- This site is optimized with the Yoast SEO plugin v27.5 - https:\/\/yoast.com\/product\/yoast-seo-wordpress\/ -->\n<title>Tequila Amatitense extra a\u00f1ejo - 750 ml - Hacienda de Oro<\/title>\n<meta name=\"description\" content=\"Tequila hacienda de oro, recorridos tur\u00edsticos por el paisaje agavero de Amatit\u00e1n, Licor y botellas personalizadas\" \/>\n<meta name=\"robots\" content=\"index, follow, max-snippet:-1, max-image-preview:large, max-video-preview:-1\" \/>\n<link rel=\"canonical\" href=\"https:\/\/www.tequilerahdo.com.mx\/en\/product\/tequila-amatitense-extra-anejo-750-ml\/\" \/>\n<meta property=\"og:locale\" content=\"en_US\" \/>\n<meta property=\"og:type\" content=\"article\" \/>\n<meta property=\"og:title\" content=\"Tequila Amatitense extra a\u00f1ejo - 750 ml - Hacienda de Oro\" \/>\n<meta property=\"og:description\" content=\"Tequila hacienda de oro, recorridos tur\u00edsticos por el paisaje agavero de Amatit\u00e1n, Licor y botellas personalizadas\" \/>\n<meta property=\"og:url\" content=\"https:\/\/www.tequilerahdo.com.mx\/en\/product\/tequila-amatitense-extra-anejo-750-ml\/\" \/>\n<meta property=\"og:site_name\" content=\"Hacienda de Oro\" \/>\n<meta property=\"article:publisher\" content=\"https:\/\/www.facebook.com\/tequilerahaciendadeoro\/\" \/>\n<meta property=\"article:modified_time\" content=\"2025-11-18T00:00:30+00:00\" \/>\n<meta property=\"og:image\" content=\"https:\/\/www.tequilerahdo.com.mx\/wp-content\/uploads\/2025\/06\/AMATITENSE-EXTRA-ANEJO-2.png\" \/>\n\t<meta property=\"og:image:width\" content=\"1080\" \/>\n\t<meta property=\"og:image:height\" content=\"1080\" \/>\n\t<meta property=\"og:image:type\" content=\"image\/png\" \/>\n<meta name=\"twitter:card\" content=\"summary_large_image\" \/>\n<script type=\"application\/ld+json\" class=\"yoast-schema-graph\">{\"@context\":\"https:\\\/\\\/schema.org\",\"@graph\":[{\"@type\":\"WebPage\",\"@id\":\"https:\\\/\\\/www.tequilerahdo.com.mx\\\/producto\\\/tequila-amatitense-extra-anejo-750-ml\\\/\",\"url\":\"https:\\\/\\\/www.tequilerahdo.com.mx\\\/producto\\\/tequila-amatitense-extra-anejo-750-ml\\\/\",\"name\":\"Tequila Amatitense extra a\u00f1ejo - 750 ml - Hacienda de Oro\",\"isPartOf\":{\"@id\":\"https:\\\/\\\/www.tequilerahdo.com.mx\\\/#website\"},\"primaryImageOfPage\":{\"@id\":\"https:\\\/\\\/www.tequilerahdo.com.mx\\\/producto\\\/tequila-amatitense-extra-anejo-750-ml\\\/#primaryimage\"},\"image\":{\"@id\":\"https:\\\/\\\/www.tequilerahdo.com.mx\\\/producto\\\/tequila-amatitense-extra-anejo-750-ml\\\/#primaryimage\"},\"thumbnailUrl\":\"https:\\\/\\\/www.tequilerahdo.com.mx\\\/wp-content\\\/uploads\\\/2025\\\/06\\\/AMATITENSE-EXTRA-ANEJO-2.png\",\"datePublished\":\"2025-06-02T21:41:08+00:00\",\"dateModified\":\"2025-11-18T00:00:30+00:00\",\"description\":\"Tequila hacienda de oro, recorridos tur\u00edsticos por el paisaje agavero de Amatit\u00e1n, Licor y botellas personalizadas\",\"breadcrumb\":{\"@id\":\"https:\\\/\\\/www.tequilerahdo.com.mx\\\/producto\\\/tequila-amatitense-extra-anejo-750-ml\\\/#breadcrumb\"},\"inLanguage\":\"en-US\",\"potentialAction\":[{\"@type\":\"ReadAction\",\"target\":[\"https:\\\/\\\/www.tequilerahdo.com.mx\\\/producto\\\/tequila-amatitense-extra-anejo-750-ml\\\/\"]}]},{\"@type\":\"ImageObject\",\"inLanguage\":\"en-US\",\"@id\":\"https:\\\/\\\/www.tequilerahdo.com.mx\\\/producto\\\/tequila-amatitense-extra-anejo-750-ml\\\/#primaryimage\",\"url\":\"https:\\\/\\\/www.tequilerahdo.com.mx\\\/wp-content\\\/uploads\\\/2025\\\/06\\\/AMATITENSE-EXTRA-ANEJO-2.png\",\"contentUrl\":\"https:\\\/\\\/www.tequilerahdo.com.mx\\\/wp-content\\\/uploads\\\/2025\\\/06\\\/AMATITENSE-EXTRA-ANEJO-2.png\",\"width\":1080,\"height\":1080},{\"@type\":\"BreadcrumbList\",\"@id\":\"https:\\\/\\\/www.tequilerahdo.com.mx\\\/producto\\\/tequila-amatitense-extra-anejo-750-ml\\\/#breadcrumb\",\"itemListElement\":[{\"@type\":\"ListItem\",\"position\":1,\"name\":\"Inicio\",\"item\":\"https:\\\/\\\/www.tequilerahdo.com.mx\\\/\"},{\"@type\":\"ListItem\",\"position\":2,\"name\":\"Productos\",\"item\":\"https:\\\/\\\/www.tequilerahdo.com.mx\\\/productos-2\\\/\"},{\"@type\":\"ListItem\",\"position\":3,\"name\":\"Tequila Amatitense extra a\u00f1ejo &#8211; 750 ml\"}]},{\"@type\":\"WebSite\",\"@id\":\"https:\\\/\\\/www.tequilerahdo.com.mx\\\/#website\",\"url\":\"https:\\\/\\\/www.tequilerahdo.com.mx\\\/\",\"name\":\"Hacienda de Oro\",\"description\":\"Hacienda de oro es una empresa fundada en Amatit\u00e1n, Jalisco que ha logrado destacarse en el mercado internacional gracias a la calidad de sus productos.\",\"publisher\":{\"@id\":\"https:\\\/\\\/www.tequilerahdo.com.mx\\\/#organization\"},\"potentialAction\":[{\"@type\":\"SearchAction\",\"target\":{\"@type\":\"EntryPoint\",\"urlTemplate\":\"https:\\\/\\\/www.tequilerahdo.com.mx\\\/?s={search_term_string}\"},\"query-input\":{\"@type\":\"PropertyValueSpecification\",\"valueRequired\":true,\"valueName\":\"search_term_string\"}}],\"inLanguage\":\"en-US\"},{\"@type\":\"Organization\",\"@id\":\"https:\\\/\\\/www.tequilerahdo.com.mx\\\/#organization\",\"name\":\"Tequilera Hacienda de Oro\",\"url\":\"https:\\\/\\\/www.tequilerahdo.com.mx\\\/\",\"logo\":{\"@type\":\"ImageObject\",\"inLanguage\":\"en-US\",\"@id\":\"https:\\\/\\\/www.tequilerahdo.com.mx\\\/#\\\/schema\\\/logo\\\/image\\\/\",\"url\":\"https:\\\/\\\/www.tequilerahdo.com.mx\\\/wp-content\\\/uploads\\\/2021\\\/11\\\/Homev2-30.png\",\"contentUrl\":\"https:\\\/\\\/www.tequilerahdo.com.mx\\\/wp-content\\\/uploads\\\/2021\\\/11\\\/Homev2-30.png\",\"width\":726,\"height\":228,\"caption\":\"Tequilera Hacienda de Oro\"},\"image\":{\"@id\":\"https:\\\/\\\/www.tequilerahdo.com.mx\\\/#\\\/schema\\\/logo\\\/image\\\/\"},\"sameAs\":[\"https:\\\/\\\/www.facebook.com\\\/tequilerahaciendadeoro\\\/\"]}]}<\/script>\n<!-- \/ Yoast SEO plugin. -->","yoast_head_json":{"title":"Tequila Amatitense extra a\u00f1ejo - 750 ml - Hacienda de Oro","description":"Tequila hacienda de oro, recorridos tur\u00edsticos por el paisaje agavero de Amatit\u00e1n, Licor y botellas personalizadas","robots":{"index":"index","follow":"follow","max-snippet":"max-snippet:-1","max-image-preview":"max-image-preview:large","max-video-preview":"max-video-preview:-1"},"canonical":"https:\/\/www.tequilerahdo.com.mx\/en\/product\/tequila-amatitense-extra-anejo-750-ml\/","og_locale":"en_US","og_type":"article","og_title":"Tequila Amatitense extra a\u00f1ejo - 750 ml - Hacienda de Oro","og_description":"Tequila hacienda de oro, recorridos tur\u00edsticos por el paisaje agavero de Amatit\u00e1n, Licor y botellas personalizadas","og_url":"https:\/\/www.tequilerahdo.com.mx\/en\/product\/tequila-amatitense-extra-anejo-750-ml\/","og_site_name":"Hacienda de Oro","article_publisher":"https:\/\/www.facebook.com\/tequilerahaciendadeoro\/","article_modified_time":"2025-11-18T00:00:30+00:00","og_image":[{"width":1080,"height":1080,"url":"https:\/\/www.tequilerahdo.com.mx\/wp-content\/uploads\/2025\/06\/AMATITENSE-EXTRA-ANEJO-2.png","type":"image\/png"}],"twitter_card":"summary_large_image","schema":{"@context":"https:\/\/schema.org","@graph":[{"@type":"WebPage","@id":"https:\/\/www.tequilerahdo.com.mx\/producto\/tequila-amatitense-extra-anejo-750-ml\/","url":"https:\/\/www.tequilerahdo.com.mx\/producto\/tequila-amatitense-extra-anejo-750-ml\/","name":"Tequila Amatitense extra a\u00f1ejo - 750 ml - Hacienda de Oro","isPartOf":{"@id":"https:\/\/www.tequilerahdo.com.mx\/#website"},"primaryImageOfPage":{"@id":"https:\/\/www.tequilerahdo.com.mx\/producto\/tequila-amatitense-extra-anejo-750-ml\/#primaryimage"},"image":{"@id":"https:\/\/www.tequilerahdo.com.mx\/producto\/tequila-amatitense-extra-anejo-750-ml\/#primaryimage"},"thumbnailUrl":"https:\/\/www.tequilerahdo.com.mx\/wp-content\/uploads\/2025\/06\/AMATITENSE-EXTRA-ANEJO-2.png","datePublished":"2025-06-02T21:41:08+00:00","dateModified":"2025-11-18T00:00:30+00:00","description":"Tequila hacienda de oro, recorridos tur\u00edsticos por el paisaje agavero de Amatit\u00e1n, Licor y botellas personalizadas","breadcrumb":{"@id":"https:\/\/www.tequilerahdo.com.mx\/producto\/tequila-amatitense-extra-anejo-750-ml\/#breadcrumb"},"inLanguage":"en-US","potentialAction":[{"@type":"ReadAction","target":["https:\/\/www.tequilerahdo.com.mx\/producto\/tequila-amatitense-extra-anejo-750-ml\/"]}]},{"@type":"ImageObject","inLanguage":"en-US","@id":"https:\/\/www.tequilerahdo.com.mx\/producto\/tequila-amatitense-extra-anejo-750-ml\/#primaryimage","url":"https:\/\/www.tequilerahdo.com.mx\/wp-content\/uploads\/2025\/06\/AMATITENSE-EXTRA-ANEJO-2.png","contentUrl":"https:\/\/www.tequilerahdo.com.mx\/wp-content\/uploads\/2025\/06\/AMATITENSE-EXTRA-ANEJO-2.png","width":1080,"height":1080},{"@type":"BreadcrumbList","@id":"https:\/\/www.tequilerahdo.com.mx\/producto\/tequila-amatitense-extra-anejo-750-ml\/#breadcrumb","itemListElement":[{"@type":"ListItem","position":1,"name":"Inicio","item":"https:\/\/www.tequilerahdo.com.mx\/"},{"@type":"ListItem","position":2,"name":"Productos","item":"https:\/\/www.tequilerahdo.com.mx\/productos-2\/"},{"@type":"ListItem","position":3,"name":"Tequila Amatitense extra a\u00f1ejo &#8211; 750 ml"}]},{"@type":"WebSite","@id":"https:\/\/www.tequilerahdo.com.mx\/#website","url":"https:\/\/www.tequilerahdo.com.mx\/","name":"Hacienda de Oro","description":"Hacienda de oro es una empresa fundada en Amatit\u00e1n, Jalisco que ha logrado destacarse en el mercado internacional gracias a la calidad de sus productos.","publisher":{"@id":"https:\/\/www.tequilerahdo.com.mx\/#organization"},"potentialAction":[{"@type":"SearchAction","target":{"@type":"EntryPoint","urlTemplate":"https:\/\/www.tequilerahdo.com.mx\/?s={search_term_string}"},"query-input":{"@type":"PropertyValueSpecification","valueRequired":true,"valueName":"search_term_string"}}],"inLanguage":"en-US"},{"@type":"Organization","@id":"https:\/\/www.tequilerahdo.com.mx\/#organization","name":"Tequilera Hacienda de Oro","url":"https:\/\/www.tequilerahdo.com.mx\/","logo":{"@type":"ImageObject","inLanguage":"en-US","@id":"https:\/\/www.tequilerahdo.com.mx\/#\/schema\/logo\/image\/","url":"https:\/\/www.tequilerahdo.com.mx\/wp-content\/uploads\/2021\/11\/Homev2-30.png","contentUrl":"https:\/\/www.tequilerahdo.com.mx\/wp-content\/uploads\/2021\/11\/Homev2-30.png","width":726,"height":228,"caption":"Tequilera Hacienda de Oro"},"image":{"@id":"https:\/\/www.tequilerahdo.com.mx\/#\/schema\/logo\/image\/"},"sameAs":["https:\/\/www.facebook.com\/tequilerahaciendadeoro\/"]}]}},"_links":{"self":[{"href":"https:\/\/www.tequilerahdo.com.mx\/en\/wp-json\/wp\/v2\/product\/13456","targetHints":{"allow":["GET"]}}],"collection":[{"href":"https:\/\/www.tequilerahdo.com.mx\/en\/wp-json\/wp\/v2\/product"}],"about":[{"href":"https:\/\/www.tequilerahdo.com.mx\/en\/wp-json\/wp\/v2\/types\/product"}],"wp:featuredmedia":[{"embeddable":true,"href":"https:\/\/www.tequilerahdo.com.mx\/en\/wp-json\/wp\/v2\/media\/13457"}],"wp:attachment":[{"href":"https:\/\/www.tequilerahdo.com.mx\/en\/wp-json\/wp\/v2\/media?parent=13456"}],"wp:term":[{"taxonomy":"product_brand","embeddable":true,"href":"https:\/\/www.tequilerahdo.com.mx\/en\/wp-json\/wp\/v2\/product_brand?post=13456"},{"taxonomy":"product_cat","embeddable":true,"href":"https:\/\/www.tequilerahdo.com.mx\/en\/wp-json\/wp\/v2\/product_cat?post=13456"},{"taxonomy":"product_tag","embeddable":true,"href":"https:\/\/www.tequilerahdo.com.mx\/en\/wp-json\/wp\/v2\/product_tag?post=13456"}],"curies":[{"name":"wp","href":"https:\/\/api.w.org\/{rel}","templated":true}]}}